{"id":22,"date":"2018-06-21T13:00:54","date_gmt":"2018-06-21T16:00:54","guid":{"rendered":"http:\/\/www.praiadaferrugem.net\/aluguel\/?page_id=22"},"modified":"2022-11-30T18:08:38","modified_gmt":"2022-11-30T21:08:38","slug":"contato","status":"publish","type":"page","link":"https:\/\/www.praiadaferrugem.net\/aluguel\/contato\/","title":{"rendered":"Informa\u00e7\u00f5es da Imobili\u00e1ria:"},"content":{"rendered":"[vc_row][vc_column]<div id=\"ultimate-heading-486969d382d2e1638\" class=\"uvc-heading ult-adjust-bottom-margin ultimate-heading-486969d382d2e1638 uvc-7639 \" data-hspacer=\"no_spacer\"  data-halign=\"left\" style=\"text-align:left\"><div class=\"uvc-heading-spacer no_spacer\" style=\"top\"><\/div><div class=\"uvc-main-heading ult-responsive\"  data-ultimate-target='.uvc-heading.ultimate-heading-486969d382d2e1638 h2'  data-responsive-json-new='{\"font-size\":\"\",\"line-height\":\"\"}' ><h2 style=\"font-weight:normal;margin-top:20px;margin-bottom:20px;\">Nossa localiza\u00e7\u00e3o:<\/h2><\/div><\/div><div id='wrap_map_69d382d2e16bc' class='ultimate-map-wrapper ult-adjust-bottom-margin ' style=' height:400px;'><div id='map_69d382d2e16bc' data-map_override='0' class='ultimate_google_map wpb_content_element ' style='width:100%;height:400px;'><\/div><\/div><script type='text\/javascript'>\n\t\t\t(function($) {\n  \t\t\t'use strict';\n\t\t\tvar map_map_69d382d2e16bc = null;\n\t\t\tvar coordinate_map_69d382d2e16bc;\n\t\t\tvar isDraggable = $(document).width() > 641 ? true : true;\n\t\t\ttry\n\t\t\t{\n\t\t\t\tvar map_map_69d382d2e16bc = null;\n\t\t\t\tvar coordinate_map_69d382d2e16bc;\n\t\t\t\tcoordinate_map_69d382d2e16bc=new google.maps.LatLng(-28.075586, -48.629729);\n\t\t\t\tvar mapOptions=\n\t\t\t\t{\n\t\t\t\t\tzoom: 16,\n\t\t\t\t\tcenter: coordinate_map_69d382d2e16bc,\n\t\t\t\t\tscaleControl: true,\n\t\t\t\t\tstreetViewControl: false,\n\t\t\t\t\tmapTypeControl: true,\n\t\t\t\t\tpanControl: false,\n\t\t\t\t\tzoomControl: true,\n\t\t\t\t\tscrollwheel: true,\n\t\t\t\t\tdraggable: isDraggable,\n\t\t\t\t\tzoomControlOptions: {\n\t\t\t\t\t\tposition: google.maps.ControlPosition.RIGHT_BOTTOM\n\t\t\t\t\t},mapTypeId: google.maps.MapTypeId.SATELLITE,};var map_map_69d382d2e16bc = new google.maps.Map(document.getElementById('map_69d382d2e16bc'),mapOptions);\n\t\t\t\t\t\tvar x = 'off';\n\t\t\t\t\t\tvar marker_map_69d382d2e16bc = new google.maps.Marker({\n\t\t\t\t\t\tposition: new google.maps.LatLng(-28.075586, -48.629729),\n\t\t\t\t\t\tanimation:  google.maps.Animation.DROP,\n\t\t\t\t\t\tmap: map_map_69d382d2e16bc,\n\t\t\t\t\t\ticon: ''\n\t\t\t\t\t});\tgoogle.maps.event.addListener(marker_map_69d382d2e16bc, 'click', toggleBounce);var infowindow = new google.maps.InfoWindow();\n\t\t\t\t\t\t\tinfowindow.setContent('<div class=\"map_info_text\" style=\\'color:#000;\\'><span style=\"font-family: georgia, palatino, serif;\">CENTRAL DE RESERVAS<\/span><br \/> <span style=\"color: #808080; font-family: georgia, palatino, serif;\"><em><span style=\"font-size: 10pt;\">(anexo a Pousada El P\u00e1tio)<\/span><\/em><\/span><\/div>');infowindow.open(map_map_69d382d2e16bc,marker_map_69d382d2e16bc);google.maps.event.addListener(marker_map_69d382d2e16bc, 'click', function() {\n\t\t\t\t\t\t\t\tinfowindow.open(map_map_69d382d2e16bc,marker_map_69d382d2e16bc);\n\t\t\t\t\t\t  \t});}\n\t\t\tcatch(e){};\n\t\t\tjQuery(document).ready(function($){\n\t\t\t\tgoogle.maps.event.trigger(map_map_69d382d2e16bc, 'resize');\n\t\t\t\t$(window).resize(function(){\n\t\t\t\t\tgoogle.maps.event.trigger(map_map_69d382d2e16bc, 'resize');\n\t\t\t\t\tif(map_map_69d382d2e16bc!=null)\n\t\t\t\t\t\tmap_map_69d382d2e16bc.setCenter(coordinate_map_69d382d2e16bc);\n\t\t\t\t});\n\t\t\t\t$('.ui-tabs').bind('tabsactivate', function(event, ui) {\n\t\t\t\t   if($(this).find('.ultimate-map-wrapper').length > 0)\n\t\t\t\t\t{\n\t\t\t\t\t\tsetTimeout(function(){\n\t\t\t\t\t\t\t$(window).trigger('resize');\n\t\t\t\t\t\t},200);\n\t\t\t\t\t}\n\t\t\t\t});\n\t\t\t\t$('.ui-accordion').bind('accordionactivate', function(event, ui) {\n\t\t\t\t   if($(this).find('.ultimate-map-wrapper').length > 0)\n\t\t\t\t\t{\n\t\t\t\t\t\tsetTimeout(function(){\n\t\t\t\t\t\t\t$(window).trigger('resize');\n\t\t\t\t\t\t},200);\n\t\t\t\t\t}\n\t\t\t\t});\n\t\t\t\t$(window).load(function(){\n\t\t\t\t\tsetTimeout(function(){\n\t\t\t\t\t\t$(window).trigger('resize');\n\t\t\t\t\t},200);\n\t\t\t\t});\n\t\t\t\t$('.ult_exp_section').select(function(){\n\t\t\t\t\tif($(map_map_69d382d2e16bc).parents('.ult_exp_section'))\n\t\t\t\t\t{\n\t\t\t\t\t\tsetTimeout(function(){\n\t\t\t\t\t\t\t$(window).trigger('resize');\n\t\t\t\t\t\t},200);\n\t\t\t\t\t}\n\t\t\t\t});\n\t\t\t\t$(document).on('onUVCModalPopupOpen', function(){\n\t\t\t\t\tif($(map_map_69d382d2e16bc).parents('.ult_modal-content'))\n\t\t\t\t\t{\n\t\t\t\t\t\tsetTimeout(function(){\n\t\t\t\t\t\t\t$(window).trigger('resize');\n\t\t\t\t\t\t},200);\n\t\t\t\t\t}\n\t\t\t\t});\n\t\t\t\t$(document).on('click','.ult_tab_li',function(){\n\t\t\t\t\t$(window).trigger('resize');\n\t\t\t\t\tsetTimeout(function(){\n\t\t\t\t\t\t$(window).trigger('resize');\n\t\t\t\t\t},200);\n\t\t\t\t});\n\t\t\t});\n\t\t\tfunction toggleBounce() {\n\t\t\t  if (marker_map_69d382d2e16bc.getAnimation() != null) {\n\t\t\t\tmarker_map_69d382d2e16bc.setAnimation(null);\n\t\t\t  } else {\n\t\t\t\tmarker_map_69d382d2e16bc.setAnimation(google.maps.Animation.BOUNCE);\n\t\t\t  }\n\t\t\t}\n\t\t\t})(jQuery);\n\t\t\t<\/script><div id=\"ultimate-heading-234369d382d2e1703\" class=\"uvc-heading ult-adjust-bottom-margin ultimate-heading-234369d382d2e1703 uvc-6233 \" data-hspacer=\"no_spacer\"  data-halign=\"left\" style=\"text-align:left\"><div class=\"uvc-heading-spacer no_spacer\" style=\"top\"><\/div><div class=\"uvc-main-heading ult-responsive\"  data-ultimate-target='.uvc-heading.ultimate-heading-234369d382d2e1703 h2'  data-responsive-json-new='{\"font-size\":\"\",\"line-height\":\"\"}' ><h2 style=\"font-weight:normal;margin-bottom:20px;\">Mande uma mensagem:<\/h2><\/div><\/div><div class=\"shortcode_contact_form sh_form_align_left\">\n     \n        <div class=\"alert-box error\">\n            <div class=\"alert-message\" id=\"footer_alert-agent-contact_sh\"><\/div>\n        <\/div> \n        \n        <input type=\"text\" style=\"\" placeholder=\"Seu nome\" required=\"required\"   id=\"foot_contact_name_sh\"  name=\"contact_name\" class=\"form-control\" value=\"\" tabindex=\"373\"> \n        <input type=\"email\" style=\"\" required=\"required\" placeholder=\"Email\"  id=\"foot_contact_email_sh\" name=\"contact_email\" class=\"form-control wpestate-form-control-sh\" value=\"\" tabindex=\"374\">\n        <input type=\"email\" style=\"\" required=\"required\" placeholder=\"Seu telefone\"  id=\"foot_contact_phone_sh\" name=\"contact_phone\" class=\"form-control wpestate-form-control-sh\" value=\"\" tabindex=\"374\">\n        <textarea style=\"\" placeholder=\"Digite sua mensagem ...\" required=\"required\" id=\"foot_contact_content_sh\" name=\"contact_content\" class=\"form-control wpestate-form-control-sh\" rows=\"4\" tabindex=\"375\"><\/textarea>\n        <input type=\"hidden\" name=\"contact_footer_ajax_nonce\" id=\"contact_footer_ajax_nonce_sh\"  value=\"e8dcb703ff\" \/>  <div class=\"btn-cont\">\n            <button type=\"submit\" id=\"btn-cont-submit_sh\" class=\"wpresidence_button sh_but_full\">Enviar Mensagem<\/button>\n         \n            <input type=\"hidden\" value=\"\" name=\"contact_to\">\n            <div class=\"bottom-arrow\"><\/div>\n        <\/div>  \n    <\/div><style>\n    .shortcode_contact_form textarea::-webkit-input-placeholder,\n    .shortcode_contact_form input::-webkit-input-placeholder {\n     color:!important;\";\n}\n<\/style><script type=\"text\/javascript\">\n                \/\/<![CDATA[\n                jQuery(document).ready(function(){\n                  wpestate_contact_us_shortcode();\n                });\n                \/\/]]>\n            <\/script>[\/vc_column][\/vc_row][vc_row][vc_column][\/vc_column][\/vc_row]\n","protected":false},"excerpt":{"rendered":"<p>[vc_row][vc_column][\/vc_column][\/vc_row][vc_row][vc_column][\/vc_column][\/vc_row]<\/p>\n","protected":false},"author":1,"featured_media":0,"parent":0,"menu_order":0,"comment_status":"closed","ping_status":"closed","template":"","meta":[],"_links":{"self":[{"href":"https:\/\/www.praiadaferrugem.net\/aluguel\/wp-json\/wp\/v2\/pages\/22"}],"collection":[{"href":"https:\/\/www.praiadaferrugem.net\/aluguel\/wp-json\/wp\/v2\/pages"}],"about":[{"href":"https:\/\/www.praiadaferrugem.net\/aluguel\/wp-json\/wp\/v2\/types\/page"}],"author":[{"embeddable":true,"href":"https:\/\/www.praiadaferrugem.net\/aluguel\/wp-json\/wp\/v2\/users\/1"}],"replies":[{"embeddable":true,"href":"https:\/\/www.praiadaferrugem.net\/aluguel\/wp-json\/wp\/v2\/comments?post=22"}],"version-history":[{"count":41,"href":"https:\/\/www.praiadaferrugem.net\/aluguel\/wp-json\/wp\/v2\/pages\/22\/revisions"}],"predecessor-version":[{"id":31205,"href":"https:\/\/www.praiadaferrugem.net\/aluguel\/wp-json\/wp\/v2\/pages\/22\/revisions\/31205"}],"wp:attachment":[{"href":"https:\/\/www.praiadaferrugem.net\/aluguel\/wp-json\/wp\/v2\/media?parent=22"}],"curies":[{"name":"wp","href":"https:\/\/api.w.org\/{rel}","templated":true}]}}